{"id":47,"date":"2018-09-27T13:02:11","date_gmt":"2018-09-27T16:02:11","guid":{"rendered":"http:\/\/www.redevoluntariasitatiba.com.br\/cms\/?page_id=47"},"modified":"2024-12-02T17:00:27","modified_gmt":"2024-12-02T20:00:27","slug":"nossa-missao","status":"publish","type":"page","link":"https:\/\/www.redevoluntariasitatiba.com.br\/cms\/nossa-missao\/","title":{"rendered":"Nossa Miss\u00e3o"},"content":{"rendered":"<div class=\"Object4266\"><span class=\"textstyle0\"><span class=\"textstyle0\"><span class=\"textstyle0\"><span class=\"textstyle0\"><span class=\"textstyle0\"><span class=\"textstyle0\"><span class=\"textstyle0\"><strong>MISS\u00c3O<br \/>\n<\/strong><\/span><\/span><\/span><\/span><\/span><\/span><\/span><br \/>\nOferecer apoio a pessoas em tratamento contra o c\u00e2ncer que n\u00e3o t\u00eam condi\u00e7\u00f5es financeiras para arcar com o custo, atrav\u00e9s da doa\u00e7\u00e3o de medicamentos apropriados, al\u00e9m de assist\u00eancia social, psicol\u00f3gica, fisioterap\u00eautica, nutricional e farmac\u00eautica, garantindo um acompanhamento humanizado e completo aos assistidos e seus familiares , objetivando proporcionar mais qualidade de vida, amparo emocional e condi\u00e7\u00f5es adequadas para enfrentar a doen\u00e7a com dignidade.<br \/>\n<strong><strong>VIS\u00c3O<\/strong><\/strong><\/p>\n<p>Ser reconhecida como uma entidade que se destaca das demais em sua miss\u00e3o, evoluindo sempre no sentido de atender cada vez mais pacientes, ampliando a gama de medicamentos e onde a gera\u00e7\u00e3o de recursos para esse fim, seja de forma natural e sist\u00eamica, apoiada por admiradores da causa, leigos, profissionais e empresas regionais, e sempre de forma volunt\u00e1ria.<\/p>\n<\/div>\n<div class=\"Object4267\">\n<p><strong>VALORES<\/strong><\/p>\n<p>Atua\u00e7\u00e3o sempre pautada na \u00e9tica e no voluntariado, buscando manter os ideais e objetivos propostos pelas suas fundadoras, no sentido de humanizar esse atendimento, tornando-o cada vez mais perene.<\/p>\n<\/div>\n","protected":false},"excerpt":{"rendered":"<p>MISS\u00c3O Oferecer apoio a pessoas em tratamento contra o c\u00e2ncer que n\u00e3o t\u00eam condi\u00e7\u00f5es financeiras para arcar com o custo, atrav\u00e9s da doa\u00e7\u00e3o de medicamentos apropriados, al\u00e9m de assist\u00eancia social, psicol\u00f3gica, fisioterap\u00eautica, nutricional e farmac\u00eautica, garantindo um acompanhamento humanizado e completo aos assistidos e seus familiares , objetivando proporcionar mais qualidade de vida, amparo emocional <a href=\"https:\/\/www.redevoluntariasitatiba.com.br\/cms\/nossa-missao\/\" rel=\"nofollow\"><span class=\"sr-only\">Leia mais sobreNossa Miss\u00e3o<\/span>[&hellip;]<\/a><\/p>\n","protected":false},"author":5,"featured_media":0,"parent":0,"menu_order":0,"comment_status":"closed","ping_status":"closed","template":"","meta":{"footnotes":""},"class_list":["post-47","page","type-page","status-publish","hentry"],"_links":{"self":[{"href":"https:\/\/www.redevoluntariasitatiba.com.br\/cms\/wp-json\/wp\/v2\/pages\/47","targetHints":{"allow":["GET"]}}],"collection":[{"href":"https:\/\/www.redevoluntariasitatiba.com.br\/cms\/wp-json\/wp\/v2\/pages"}],"about":[{"href":"https:\/\/www.redevoluntariasitatiba.com.br\/cms\/wp-json\/wp\/v2\/types\/page"}],"author":[{"embeddable":true,"href":"https:\/\/www.redevoluntariasitatiba.com.br\/cms\/wp-json\/wp\/v2\/users\/5"}],"replies":[{"embeddable":true,"href":"https:\/\/www.redevoluntariasitatiba.com.br\/cms\/wp-json\/wp\/v2\/comments?post=47"}],"version-history":[{"count":13,"href":"https:\/\/www.redevoluntariasitatiba.com.br\/cms\/wp-json\/wp\/v2\/pages\/47\/revisions"}],"predecessor-version":[{"id":2295,"href":"https:\/\/www.redevoluntariasitatiba.com.br\/cms\/wp-json\/wp\/v2\/pages\/47\/revisions\/2295"}],"wp:attachment":[{"href":"https:\/\/www.redevoluntariasitatiba.com.br\/cms\/wp-json\/wp\/v2\/media?parent=47"}],"curies":[{"name":"wp","href":"https:\/\/api.w.org\/{rel}","templated":true}]}}