{"id":50,"date":"2018-09-27T13:04:10","date_gmt":"2018-09-27T16:04:10","guid":{"rendered":"http:\/\/www.redevoluntariasitatiba.com.br\/cms\/?page_id=50"},"modified":"2025-02-10T18:09:52","modified_gmt":"2025-02-10T21:09:52","slug":"equipe","status":"publish","type":"page","link":"https:\/\/www.redevoluntariasitatiba.com.br\/cms\/equipe\/","title":{"rendered":"Equipe"},"content":{"rendered":"<div class=\"Object4460\"><span class=\"textstyle0\"><span class=\"textstyle0\">A <strong>REDE<\/strong> disponibiliza uma equipe multidisciplinar para atendimento<br \/>\naos pacientes, seus familiares e cuidadores, formada basicamente pelos seguintes profissionais:<\/span><\/span><\/div>\n<div class=\"Object4461\">\n<p><span class=\"textstyle0\"><strong>FARMAC\u00caUTICO<\/strong><\/span><\/p>\n<p><strong>Fabio Lopes<\/strong> , encarregado pela aquisi\u00e7\u00e3o e entrega dos medicamentos, objetos de uso pessoal e suplementos alimentares conforme recomenda\u00e7\u00f5es m\u00e9dicas e devidamente aprovadas pela dire\u00e7\u00e3o da REDE.<br \/>\n<span class=\"textstyle0\"><span class=\"textstyle0\">Encontra-se diariamente na REDE, sendo que o atendimento ao p\u00fablico se d\u00e1 de 2\u00aa a 6a feira das 15 \u00e1s 17horas<\/span><\/span><\/p>\n<p><strong>ASSISTENTE SOCIAL<\/strong><\/p>\n<\/div>\n<div class=\"Object4462\">\n<p><strong>Daniela Fidencio<\/strong> , \u00e9 a respons\u00e1vel pelo primeiro acolhimento , orienta\u00e7\u00e3o e an\u00e1lise inicial da situa\u00e7\u00e3o dos pacientes e seus familiares que procuram a REDE, fazendo o devido encaminhamento a dire\u00e7\u00e3o. Atendimento di\u00e1rio com agendamento.<\/p>\n<\/div>\n<div class=\"Object4463\">\n<p><strong>NUTRICIONISTA<\/strong><\/p>\n<p><strong>Lais Muller <\/strong>, apoia os pacientes, orientando qual a alimenta\u00e7\u00e3o e quais os suplementos mais adequados, em fun\u00e7\u00e3o de seu estado. Atendimento mediante agendamento.<\/p>\n<\/div>\n<div class=\"Object4464\">\n<p><strong>PSIC\u00d3LOGA<\/strong><\/p>\n<p>As atividades de psicologia s\u00e3o desenvolvidas pela <strong>Marilice Franco<\/strong> , que complementa a analise anterior dando sequencia ao amparo e orienta\u00e7\u00e3o dos pacientes e familiares, estimulando-os a enfrentar com dedica\u00e7\u00e3o e otimismo a situa\u00e7\u00e3o ora instalada. Atendimento mediante agendamento.<\/p>\n<p><strong>FISIOTERAPEUTA<\/strong><\/p>\n<p><strong>Larissa Ferraz<\/strong> , orienta e apoia os assistidos nos exerc\u00edcios mais espec\u00edficos para sua recupera\u00e7\u00e3o f\u00edsica atendendo recomenda\u00e7\u00f5es m\u00e9dicas . Atendimento mediante agendamento pr\u00e9vio, preferencialmente as 2as e 4as feiras.<\/p>\n<\/div>\n","protected":false},"excerpt":{"rendered":"<p>A REDE disponibiliza uma equipe multidisciplinar para atendimento aos pacientes, seus familiares e cuidadores, formada basicamente pelos seguintes profissionais: FARMAC\u00caUTICO Fabio Lopes , encarregado pela aquisi\u00e7\u00e3o e entrega dos medicamentos, objetos de uso pessoal e suplementos alimentares conforme recomenda\u00e7\u00f5es m\u00e9dicas e devidamente aprovadas pela dire\u00e7\u00e3o da REDE. Encontra-se diariamente na REDE, sendo que o atendimento <a href=\"https:\/\/www.redevoluntariasitatiba.com.br\/cms\/equipe\/\" rel=\"nofollow\"><span class=\"sr-only\">Leia mais sobreEquipe<\/span>[&hellip;]<\/a><\/p>\n","protected":false},"author":5,"featured_media":0,"parent":0,"menu_order":0,"comment_status":"closed","ping_status":"closed","template":"","meta":{"footnotes":""},"class_list":["post-50","page","type-page","status-publish","hentry"],"_links":{"self":[{"href":"https:\/\/www.redevoluntariasitatiba.com.br\/cms\/wp-json\/wp\/v2\/pages\/50","targetHints":{"allow":["GET"]}}],"collection":[{"href":"https:\/\/www.redevoluntariasitatiba.com.br\/cms\/wp-json\/wp\/v2\/pages"}],"about":[{"href":"https:\/\/www.redevoluntariasitatiba.com.br\/cms\/wp-json\/wp\/v2\/types\/page"}],"author":[{"embeddable":true,"href":"https:\/\/www.redevoluntariasitatiba.com.br\/cms\/wp-json\/wp\/v2\/users\/5"}],"replies":[{"embeddable":true,"href":"https:\/\/www.redevoluntariasitatiba.com.br\/cms\/wp-json\/wp\/v2\/comments?post=50"}],"version-history":[{"count":5,"href":"https:\/\/www.redevoluntariasitatiba.com.br\/cms\/wp-json\/wp\/v2\/pages\/50\/revisions"}],"predecessor-version":[{"id":2349,"href":"https:\/\/www.redevoluntariasitatiba.com.br\/cms\/wp-json\/wp\/v2\/pages\/50\/revisions\/2349"}],"wp:attachment":[{"href":"https:\/\/www.redevoluntariasitatiba.com.br\/cms\/wp-json\/wp\/v2\/media?parent=50"}],"curies":[{"name":"wp","href":"https:\/\/api.w.org\/{rel}","templated":true}]}}