{"id":67,"date":"2018-09-27T13:18:54","date_gmt":"2018-09-27T16:18:54","guid":{"rendered":"http:\/\/www.redevoluntariasitatiba.com.br\/cms\/?page_id=67"},"modified":"2018-09-27T13:18:54","modified_gmt":"2018-09-27T16:18:54","slug":"rede-em-numeros","status":"publish","type":"page","link":"https:\/\/www.redevoluntariasitatiba.com.br\/cms\/rede-em-numeros\/","title":{"rendered":"Rede em N\u00fameros"},"content":{"rendered":"<p>Conforme seu hist\u00f3rico, a Rede de Volunt\u00e1rias de Combate ao C\u00e2ncer de Itatiba ou simplesmente REDE, existe desde 1957, sendo que inicialmente ligada a Funda\u00e7\u00e3o Antonio Prudente de S\u00e3o Paulo ( Hospital AC Camargo ) e independente a partir de ( ver hist\u00f3rico no site ) sempre atuando no apoio aos portadores de c\u00e2ncer, seja fornecendo complementarmente medicamentos, suplementos alimentares e vitam\u00ednicos, elementos de higiene pessoal, al\u00e9m de assist\u00eancia social e psicol\u00f3gica aos pacientes e seus familiares mais diretos.<\/p>\n<p>Podemos dizer que nos \u00faltimos 3 anos, a procura pelo atendimento vem evoluindo progressivamente tendo atingido neste ano uma m\u00e9dia de 140 pacientes \/ m\u00eas.<\/p>\n<p>A grande maioria, cerca de 70% dos pacientes que a REDE atende s\u00e3o mulheres, principalmente portadoras de c\u00e2ncer de mama , com a doen\u00e7a em diferentes est\u00e1gios . Este tipo de c\u00e2ncer, na maioria dos casos, requer um tratamento por um per\u00edodo m\u00ednimo de 5 anos com medicamentos tais como Tamoxifeno, Letrosol, Anastrozol, que em grandes quantidades, implicam em custos expressivos para a REDE.<\/p>\n<p>O restante dos pacientes s\u00e3o homens e a grande maioria portadores de c\u00e2ncer de pr\u00f3stata. Medicamentos tais como Neodecapeptyl, Bicalutamida e Zoladex , de alto custo, tamb\u00e9m s\u00e3o fornecidos, em condi\u00e7\u00f5es especiais pela REDE.<\/p>\n<p>Importante mencionar, que se tratam n\u00e3o s\u00f3 dos medicamentos que combatem diretamente as doen\u00e7as, mas tamb\u00e9m daqueles que tentam amenizar os efeitos colaterais desses medicamentos, na repara\u00e7\u00e3o dos efeitos causados, suplementos alimentares e elementos de higiene pessoal buscando dar mais dignidade aos pacientes.<\/p>\n<p>Custos expressivos s\u00e3o tamb\u00e9m representados por suplementos alimentares.<\/p>\n<p>Perguntar-se- a, qual a raz\u00e3o da exist\u00eancia da REDE se a popula\u00e7\u00e3o disp\u00f5e do SUS (Sistema \u00danico de Sa\u00fade ) que fornece uma s\u00e9rie de medicamentos ligados a tratamentos de longa dura\u00e7\u00e3o e gratuitamente em seus postos ?<\/p>\n<p>_ A resposta deve ser dada por quem contraiu doen\u00e7a e precisou ficar na depend\u00eancia do SUS. Dificuldades de acesso, faltas constantes ou fornecimentos irregulares de medicamentos ocorrem e prejudicam os tratamentos. Outra raz\u00e3o \u00e9 que a REDE trata nossa popula\u00e7\u00e3o simples e humilde com dec\u00eancia e de forma inclusiva, sendo por essa raz\u00e3o um diferencial, um facilitador.<\/p>\n<p>Agora vem a informa\u00e7\u00e3o mais importante. Praticamente todos esses recursos, adv\u00e9m de eventos nos quais a REDE participa ou promove sistematicamente ao longo do ano, gra\u00e7as a colabora\u00e7\u00e3o e fundamental participa\u00e7\u00e3o de uma equipe supermotivada de volunt\u00e1rios e doa\u00e7\u00f5es de cidad\u00e3os Itatibenses.<\/p>\n","protected":false},"excerpt":{"rendered":"<p>Conforme seu hist\u00f3rico, a Rede de Volunt\u00e1rias de Combate ao C\u00e2ncer de Itatiba ou simplesmente REDE, existe desde 1957, sendo que inicialmente ligada a Funda\u00e7\u00e3o Antonio Prudente de S\u00e3o Paulo ( Hospital AC Camargo ) e independente a partir de ( ver hist\u00f3rico no site ) sempre atuando no apoio aos portadores de c\u00e2ncer, seja <a href=\"https:\/\/www.redevoluntariasitatiba.com.br\/cms\/rede-em-numeros\/\" rel=\"nofollow\"><span class=\"sr-only\">Leia mais sobreRede em N\u00fameros<\/span>[&hellip;]<\/a><\/p>\n","protected":false},"author":5,"featured_media":0,"parent":0,"menu_order":0,"comment_status":"closed","ping_status":"closed","template":"","meta":{"footnotes":""},"class_list":["post-67","page","type-page","status-publish","hentry"],"_links":{"self":[{"href":"https:\/\/www.redevoluntariasitatiba.com.br\/cms\/wp-json\/wp\/v2\/pages\/67","targetHints":{"allow":["GET"]}}],"collection":[{"href":"https:\/\/www.redevoluntariasitatiba.com.br\/cms\/wp-json\/wp\/v2\/pages"}],"about":[{"href":"https:\/\/www.redevoluntariasitatiba.com.br\/cms\/wp-json\/wp\/v2\/types\/page"}],"author":[{"embeddable":true,"href":"https:\/\/www.redevoluntariasitatiba.com.br\/cms\/wp-json\/wp\/v2\/users\/5"}],"replies":[{"embeddable":true,"href":"https:\/\/www.redevoluntariasitatiba.com.br\/cms\/wp-json\/wp\/v2\/comments?post=67"}],"version-history":[{"count":0,"href":"https:\/\/www.redevoluntariasitatiba.com.br\/cms\/wp-json\/wp\/v2\/pages\/67\/revisions"}],"wp:attachment":[{"href":"https:\/\/www.redevoluntariasitatiba.com.br\/cms\/wp-json\/wp\/v2\/media?parent=67"}],"curies":[{"name":"wp","href":"https:\/\/api.w.org\/{rel}","templated":true}]}}