{"id":74,"date":"2018-09-27T13:25:36","date_gmt":"2018-09-27T16:25:36","guid":{"rendered":"http:\/\/www.redevoluntariasitatiba.com.br\/cms\/?page_id=74"},"modified":"2018-09-27T13:38:54","modified_gmt":"2018-09-27T16:38:54","slug":"aplique-costuras-patchwork","status":"publish","type":"page","link":"https:\/\/www.redevoluntariasitatiba.com.br\/cms\/aplique-costuras-patchwork\/","title":{"rendered":"Apliqu\u00ea | Costuras | Patchwork"},"content":{"rendered":"<div class=\"wpe-col wpe-col-12-12\">\n<div class=\"wpe-col-1\">\n<p><img decoding=\"async\" class=\"aligncenter\" src=\"http:\/\/redevoluntariasitatiba.com.br\/files\/IMG-20180826-WA0156.jpg\" \/><\/p>\n<\/div>\n<div class=\"wpe-col-2\">\n<p>O PatchWork \u00e9 o artesanato feito pelas costureiras com um diferencial que deixa as pe\u00e7as mais ricas em detalhes. S\u00e3o confeccionadas bolsas, caminhos e toalhas de mesa, colchas e outras pe\u00e7as. Todas essas pe\u00e7as s\u00e3o vendidas nos eventos Tardes Beneficentes, na Sede da Rede ou no Bazar de Fim de Ano.<\/p>\n<p>O Patchapliqu\u00ea, segue a mesma linha de artesanato da costura, por\u00e9m s\u00e3o pequenas pe\u00e7as que s\u00e3o recortadas e costuradas nas pe\u00e7as inteiras.<\/p>\n<p>Essas atividades s\u00e3o desenvolvidas na sede da Rede de ter\u00e7a a sextas-feiras.<\/p>\n<p>Venha fazer parte dessa iniciativa!<\/p>\n<\/div>\n<div class=\"wpe-col-3\">\n<p>&nbsp;<\/p>\n<\/div>\n<\/div>\n<div class=\"wpe-col wpe-col-13-13-13\">\n<div class=\"wpe-col-1\">\n<p><img decoding=\"async\" src=\"http:\/\/redevoluntariasitatiba.com.br\/files\/IMG-20180910-WA0069.jpg\" \/><\/p>\n<\/div>\n<div class=\"wpe-col-2\">\n<p><img decoding=\"async\" src=\"http:\/\/redevoluntariasitatiba.com.br\/files\/IMG_430.jpg\" \/><\/p>\n<\/div>\n<div class=\"wpe-col-3\">\n<p><img decoding=\"async\" src=\"http:\/\/redevoluntariasitatiba.com.br\/files\/IMG_428.jpg\" \/><\/p>\n<\/div>\n<\/div>\n<hr \/>\n<p style=\"text-align: center;\"><span style=\"color: #ff9900;\"><strong>CONHE\u00c7A ALGUNS DOS TRABALHOS DE PRODUZIDOS POR NOSSAS VOLUNT\u00c1RIAS<br \/>\n<\/strong><\/span><\/p>\n<div class=\"wpe-col wpe-col-13-13-13\">\n<div class=\"wpe-col-1\" style=\"text-align: center;\">\n<p style=\"text-align: left;\"><img decoding=\"async\" src=\"http:\/\/redevoluntariasitatiba.com.br\/files\/IMG-20180826-WA0138.jpg\" \/>PQ<\/p>\n<p style=\"text-align: left;\"><img decoding=\"async\" src=\"http:\/\/redevoluntariasitatiba.com.br\/files\/IMG-20180826-WA0142.jpg\" \/><br \/>\nPATCHWORK<\/p>\n<p style=\"text-align: left;\"><img decoding=\"async\" src=\"http:\/\/redevoluntariasitatiba.com.br\/files\/IMG-20180826-WA0140.jpg\" \/><br \/>\nCOSTURA<\/p>\n<\/div>\n<div class=\"wpe-col-2\" style=\"text-align: center;\">\n<p style=\"text-align: left;\"><img decoding=\"async\" src=\"http:\/\/redevoluntariasitatiba.com.br\/files\/IMG-20180826-WA0139.jpg\" \/>PQ<\/p>\n<p style=\"text-align: left;\"><img decoding=\"async\" src=\"http:\/\/redevoluntariasitatiba.com.br\/files\/IMG-20180826-WA0143.jpg\" \/><br \/>\nPATCHWORK<\/p>\n<p style=\"text-align: left;\"><img loading=\"lazy\" decoding=\"async\" class=\"\" src=\"http:\/\/redevoluntariasitatiba.com.br\/files\/IMG-20180826-WA0146.jpg\" width=\"252\" height=\"336\" \/><br \/>\nCOSTURA<\/p>\n<\/div>\n<div class=\"wpe-col-3\" style=\"text-align: center;\">\n<p style=\"text-align: left;\"><img decoding=\"async\" src=\"http:\/\/redevoluntariasitatiba.com.br\/files\/IMG-20180826-WA0154.jpg\" \/>PATCHWORK<\/p>\n<p style=\"text-align: left;\"><img decoding=\"async\" src=\"http:\/\/redevoluntariasitatiba.com.br\/files\/IMG-20180826-WA0147.jpg\" \/><br \/>\nPATCHWORK<\/p>\n<p style=\"text-align: left;\"><img decoding=\"async\" src=\"http:\/\/redevoluntariasitatiba.com.br\/files\/IMG_434.jpg\" \/><br \/>\n<img decoding=\"async\" src=\"http:\/\/redevoluntariasitatiba.com.br\/files\/IMG_433.jpg\" \/><br \/>\nCOSTURA<\/p>\n<\/div>\n<\/div>\n","protected":false},"excerpt":{"rendered":"<p>O PatchWork \u00e9 o artesanato feito pelas costureiras com um diferencial que deixa as pe\u00e7as mais ricas em detalhes. S\u00e3o confeccionadas bolsas, caminhos e toalhas de mesa, colchas e outras pe\u00e7as. Todas essas pe\u00e7as s\u00e3o vendidas nos eventos Tardes Beneficentes, na Sede da Rede ou no Bazar de Fim de Ano. O Patchapliqu\u00ea, segue a <a href=\"https:\/\/www.redevoluntariasitatiba.com.br\/cms\/aplique-costuras-patchwork\/\" rel=\"nofollow\"><span class=\"sr-only\">Leia mais sobreApliqu\u00ea | Costuras | Patchwork<\/span>[&hellip;]<\/a><\/p>\n","protected":false},"author":5,"featured_media":0,"parent":0,"menu_order":0,"comment_status":"closed","ping_status":"closed","template":"","meta":{"footnotes":""},"class_list":["post-74","page","type-page","status-publish","hentry"],"_links":{"self":[{"href":"https:\/\/www.redevoluntariasitatiba.com.br\/cms\/wp-json\/wp\/v2\/pages\/74","targetHints":{"allow":["GET"]}}],"collection":[{"href":"https:\/\/www.redevoluntariasitatiba.com.br\/cms\/wp-json\/wp\/v2\/pages"}],"about":[{"href":"https:\/\/www.redevoluntariasitatiba.com.br\/cms\/wp-json\/wp\/v2\/types\/page"}],"author":[{"embeddable":true,"href":"https:\/\/www.redevoluntariasitatiba.com.br\/cms\/wp-json\/wp\/v2\/users\/5"}],"replies":[{"embeddable":true,"href":"https:\/\/www.redevoluntariasitatiba.com.br\/cms\/wp-json\/wp\/v2\/comments?post=74"}],"version-history":[{"count":0,"href":"https:\/\/www.redevoluntariasitatiba.com.br\/cms\/wp-json\/wp\/v2\/pages\/74\/revisions"}],"wp:attachment":[{"href":"https:\/\/www.redevoluntariasitatiba.com.br\/cms\/wp-json\/wp\/v2\/media?parent=74"}],"curies":[{"name":"wp","href":"https:\/\/api.w.org\/{rel}","templated":true}]}}